{"id":9,"date":"2023-04-25T06:27:08","date_gmt":"2023-04-25T05:27:08","guid":{"rendered":"https:\/\/kleinhadersdorf.at\/feuerwehr\/?page_id=9"},"modified":"2023-05-06T20:48:23","modified_gmt":"2023-05-06T18:48:23","slug":"geschichte","status":"publish","type":"page","link":"https:\/\/kleinhadersdorf.at\/feuerwehr\/index.php\/ueber-uns\/geschichte\/","title":{"rendered":"Geschichte"},"content":{"rendered":"\n<p><strong>Gut Ding braucht Weile &#8211; manchmal auch das, was erst erz\u00e4hlt werden muss. <\/strong><\/p>\n\n\n\n<p><strong>Wir freuen uns auch dar\u00fcber, wenn du mit uns Kontakt trittst und uns bei der Historie der FF Kleinhadersdorf unterst\u00fctzt. <\/strong><\/p>\n","protected":false},"excerpt":{"rendered":"<p>Gut Ding braucht Weile &#8211; manchmal auch das, was erst erz\u00e4hlt werden muss. Wir freuen uns auch dar\u00fcber, wenn du mit uns Kontakt trittst und uns bei der Historie der FF Kleinhadersdorf unterst\u00fctzt.<\/p>\n","protected":false},"author":1,"featured_media":0,"parent":7,"menu_order":0,"comment_status":"closed","ping_status":"closed","template":"","meta":{"inline_featured_image":false,"footnotes":""},"class_list":["post-9","page","type-page","status-publish","hentry"],"_links":{"self":[{"href":"https:\/\/kleinhadersdorf.at\/feuerwehr\/index.php\/wp-json\/wp\/v2\/pages\/9","targetHints":{"allow":["GET"]}}],"collection":[{"href":"https:\/\/kleinhadersdorf.at\/feuerwehr\/index.php\/wp-json\/wp\/v2\/pages"}],"about":[{"href":"https:\/\/kleinhadersdorf.at\/feuerwehr\/index.php\/wp-json\/wp\/v2\/types\/page"}],"author":[{"embeddable":true,"href":"https:\/\/kleinhadersdorf.at\/feuerwehr\/index.php\/wp-json\/wp\/v2\/users\/1"}],"replies":[{"embeddable":true,"href":"https:\/\/kleinhadersdorf.at\/feuerwehr\/index.php\/wp-json\/wp\/v2\/comments?post=9"}],"version-history":[{"count":5,"href":"https:\/\/kleinhadersdorf.at\/feuerwehr\/index.php\/wp-json\/wp\/v2\/pages\/9\/revisions"}],"predecessor-version":[{"id":198,"href":"https:\/\/kleinhadersdorf.at\/feuerwehr\/index.php\/wp-json\/wp\/v2\/pages\/9\/revisions\/198"}],"up":[{"embeddable":true,"href":"https:\/\/kleinhadersdorf.at\/feuerwehr\/index.php\/wp-json\/wp\/v2\/pages\/7"}],"wp:attachment":[{"href":"https:\/\/kleinhadersdorf.at\/feuerwehr\/index.php\/wp-json\/wp\/v2\/media?parent=9"}],"curies":[{"name":"wp","href":"https:\/\/api.w.org\/{rel}","templated":true}]}}