{"id":24,"date":"2023-04-25T07:17:28","date_gmt":"2023-04-25T06:17:28","guid":{"rendered":"https:\/\/kleinhadersdorf.at\/feuerwehr\/?page_id=24"},"modified":"2023-04-25T18:10:48","modified_gmt":"2023-04-25T16:10:48","slug":"einsaetze","status":"publish","type":"page","link":"https:\/\/kleinhadersdorf.at\/feuerwehr\/index.php\/einsaetze\/","title":{"rendered":"Eins\u00e4tze"},"content":{"rendered":"<ul class=\"wp-block-latest-posts__list has-dates has-author wp-block-latest-posts\"><li><div class=\"wp-block-latest-posts__featured-image\"><a href=\"https:\/\/kleinhadersdorf.at\/feuerwehr\/index.php\/2026\/03\/12\/b1-fahrzeugbrand-pkw\/\" aria-label=\"B1 &#8211; Fahrzeugbrand &#8211; PKW\"><img loading=\"lazy\" decoding=\"async\" width=\"150\" height=\"150\" src=\"https:\/\/kleinhadersdorf.at\/feuerwehr\/wp-content\/uploads\/2026\/03\/IMG_3747-150x150.jpg\" class=\"attachment-thumbnail size-thumbnail wp-post-image\" alt=\"\" style=\"\" \/><\/a><\/div><a class=\"wp-block-latest-posts__post-title\" href=\"https:\/\/kleinhadersdorf.at\/feuerwehr\/index.php\/2026\/03\/12\/b1-fahrzeugbrand-pkw\/\">B1 &#8211; Fahrzeugbrand &#8211; PKW<\/a><div class=\"wp-block-latest-posts__post-author\">von Leila Kienzl<\/div><time datetime=\"2026-03-12T12:09:17+02:00\" class=\"wp-block-latest-posts__post-date\">12. M\u00e4rz 2026<\/time><div class=\"wp-block-latest-posts__post-excerpt\">Am fr\u00fchen Nachmittag des 11.02.2026, konkret um 13:29 Uhr, wurde die FF Kleinhadersdorf zu einem brennenden Fahrzeug gerufen. Bei Eintreffen der FF stand das Fahrzeug am Stra\u00dfenrand, die Lenkerin konnte sich aus dem Fahrzeug selbst befreien und eine Rauchentwicklung war nicht mehr sichtbar. Die Aufgaben der Feuerwehr beschr\u00e4nkten sich daher auf das Absichern der Unfallstelle,<\/div><div class=\"blog-btn\"><a href=\"https:\/\/kleinhadersdorf.at\/feuerwehr\/index.php\/2026\/03\/12\/b1-fahrzeugbrand-pkw\/\" class=\"home-blog-btn\">Weiterlesen<\/a><\/div><\/li>\n<li><div class=\"wp-block-latest-posts__featured-image\"><a href=\"https:\/\/kleinhadersdorf.at\/feuerwehr\/index.php\/2025\/11\/17\/technischer-einsatz-1-verkehrsunfall\/\" aria-label=\"Technischer Einsatz 1 &#8211; Verkehrsunfall\"><img loading=\"lazy\" decoding=\"async\" width=\"150\" height=\"150\" src=\"https:\/\/kleinhadersdorf.at\/feuerwehr\/wp-content\/uploads\/2025\/11\/6177dee2-6956-408c-91b6-82923618d74a-150x150.jpg\" class=\"attachment-thumbnail size-thumbnail wp-post-image\" alt=\"\" style=\"\" \/><\/a><\/div><a class=\"wp-block-latest-posts__post-title\" href=\"https:\/\/kleinhadersdorf.at\/feuerwehr\/index.php\/2025\/11\/17\/technischer-einsatz-1-verkehrsunfall\/\">Technischer Einsatz 1 &#8211; Verkehrsunfall<\/a><div class=\"wp-block-latest-posts__post-author\">von Leila Kienzl<\/div><time datetime=\"2025-11-17T21:14:21+02:00\" class=\"wp-block-latest-posts__post-date\">17. November 2025<\/time><div class=\"wp-block-latest-posts__post-excerpt\">Am Nachmittag des 08.11.2025 wurde die FF Kleinhadersdorf zu einer Fahrzeugbergung auf der Landesstra\u00dfe 3062 gerufen. Beim Eintreffen der Feuerwehr lag das Fahrzeug in einem Acker neben der Stra\u00dfe auf dem Dach, nachdem es die B\u00f6schung runter gerutscht ist. Die Polizei traf, nach Absicherung der Unfallstelle durch die FF, ein.\u00a0Der Fahrzeuglenker und die Insassen konnten<\/div><div class=\"blog-btn\"><a href=\"https:\/\/kleinhadersdorf.at\/feuerwehr\/index.php\/2025\/11\/17\/technischer-einsatz-1-verkehrsunfall\/\" class=\"home-blog-btn\">Weiterlesen<\/a><\/div><\/li>\n<li><div class=\"wp-block-latest-posts__featured-image\"><a href=\"https:\/\/kleinhadersdorf.at\/feuerwehr\/index.php\/2025\/07\/10\/technischer-einsatz-07-07-2025\/\" aria-label=\"Technischer Einsatz &#8211; 07.07.2025\"><img loading=\"lazy\" decoding=\"async\" width=\"150\" height=\"150\" src=\"https:\/\/kleinhadersdorf.at\/feuerwehr\/wp-content\/uploads\/2025\/07\/IMG_1169-150x150.jpeg\" class=\"attachment-thumbnail size-thumbnail wp-post-image\" alt=\"\" style=\"\" \/><\/a><\/div><a class=\"wp-block-latest-posts__post-title\" href=\"https:\/\/kleinhadersdorf.at\/feuerwehr\/index.php\/2025\/07\/10\/technischer-einsatz-07-07-2025\/\">Technischer Einsatz &#8211; 07.07.2025<\/a><div class=\"wp-block-latest-posts__post-author\">von Leila Kienzl<\/div><time datetime=\"2025-07-10T10:37:27+02:00\" class=\"wp-block-latest-posts__post-date\">10. Juli 2025<\/time><div class=\"wp-block-latest-posts__post-excerpt\">Das Bild zeigt zwei Feuerwehrleute bei einem Auto, auf dem ein Baum liegt.<\/div><\/li>\n<li><div class=\"wp-block-latest-posts__featured-image\"><a href=\"https:\/\/kleinhadersdorf.at\/feuerwehr\/index.php\/2024\/11\/03\/verkehrsunfall-01-11-2024\/\" aria-label=\"Verkehrsunfall &#8211; 01.11.2024\"><img loading=\"lazy\" decoding=\"async\" width=\"150\" height=\"150\" src=\"https:\/\/kleinhadersdorf.at\/feuerwehr\/wp-content\/uploads\/2024\/11\/WhatsApp-Image-2024-11-01-at-14.49.41-3-150x150.jpeg\" class=\"attachment-thumbnail size-thumbnail wp-post-image\" alt=\"\" style=\"\" \/><\/a><\/div><a class=\"wp-block-latest-posts__post-title\" href=\"https:\/\/kleinhadersdorf.at\/feuerwehr\/index.php\/2024\/11\/03\/verkehrsunfall-01-11-2024\/\">Verkehrsunfall &#8211; 01.11.2024<\/a><div class=\"wp-block-latest-posts__post-author\">von Leila Kienzl<\/div><time datetime=\"2024-11-03T23:08:19+02:00\" class=\"wp-block-latest-posts__post-date\">3. November 2024<\/time><div class=\"wp-block-latest-posts__post-excerpt\">Am fr\u00fchen Nachmittag des 01.11.2024 wurde die FF Kleinhadersdorf zu einem Verkehrsunfall an der Kreuzung Landesstra\u00dfe 3062, Untere sowie Obere Ortsstra\u00dfe in Kleinhadersdorf gerufen. Bei Eintreffen der Feuerwehr lag ein Fahrzeug auf der Seite in der Oberen Ortsstra\u00dfe, das andere Fahrzeug stand direkt in der Kreuzung. Beide Fahrzeuge waren fahrunt\u00fcchtig. Das Rote Kreuz sowie die<\/div><div class=\"blog-btn\"><a href=\"https:\/\/kleinhadersdorf.at\/feuerwehr\/index.php\/2024\/11\/03\/verkehrsunfall-01-11-2024\/\" class=\"home-blog-btn\">Weiterlesen<\/a><\/div><\/li>\n<li><div class=\"wp-block-latest-posts__featured-image\"><a href=\"https:\/\/kleinhadersdorf.at\/feuerwehr\/index.php\/2024\/10\/13\/verkehrsunfall-04-10-2024\/\" aria-label=\"Verkehrsunfall &#8211; 04.10.2024\"><img loading=\"lazy\" decoding=\"async\" width=\"150\" height=\"150\" src=\"https:\/\/kleinhadersdorf.at\/feuerwehr\/wp-content\/uploads\/2024\/10\/36f927cb-fcfa-4437-b617-19b62b5d13f6-150x150.jpg\" class=\"attachment-thumbnail size-thumbnail wp-post-image\" alt=\"\" style=\"\" \/><\/a><\/div><a class=\"wp-block-latest-posts__post-title\" href=\"https:\/\/kleinhadersdorf.at\/feuerwehr\/index.php\/2024\/10\/13\/verkehrsunfall-04-10-2024\/\">Verkehrsunfall &#8211; 04.10.2024<\/a><div class=\"wp-block-latest-posts__post-author\">von Leila Kienzl<\/div><time datetime=\"2024-10-13T14:06:30+02:00\" class=\"wp-block-latest-posts__post-date\">13. Oktober 2024<\/time><div class=\"wp-block-latest-posts__post-excerpt\">In den sp\u00e4ten Abendstunden des 04.10.2024 wurde die FF Kleinhadersdorf zu einem Verkehrsunfall bei Maria-Br\u00fcndl gerufen. Ein PKW kollidierte mit einem Baum auf der Bundesstra\u00dfe (B219). Die Rettung sorgte f\u00fcr die Erstversorgung des Fahrzeuglenkers, welcher anschlie\u00dfend ins Krankenhaus transportiert wurde. Bis zum Eintreffen der Polizei \u00fcbernahm die FF f\u00fcr die Regelung des Verkehrs. Des Weiteren<\/div><div class=\"blog-btn\"><a href=\"https:\/\/kleinhadersdorf.at\/feuerwehr\/index.php\/2024\/10\/13\/verkehrsunfall-04-10-2024\/\" class=\"home-blog-btn\">Weiterlesen<\/a><\/div><\/li>\n<\/ul>","protected":false},"excerpt":{"rendered":"","protected":false},"author":1,"featured_media":0,"parent":0,"menu_order":0,"comment_status":"closed","ping_status":"closed","template":"","meta":{"inline_featured_image":false,"footnotes":""},"class_list":["post-24","page","type-page","status-publish","hentry"],"_links":{"self":[{"href":"https:\/\/kleinhadersdorf.at\/feuerwehr\/index.php\/wp-json\/wp\/v2\/pages\/24","targetHints":{"allow":["GET"]}}],"collection":[{"href":"https:\/\/kleinhadersdorf.at\/feuerwehr\/index.php\/wp-json\/wp\/v2\/pages"}],"about":[{"href":"https:\/\/kleinhadersdorf.at\/feuerwehr\/index.php\/wp-json\/wp\/v2\/types\/page"}],"author":[{"embeddable":true,"href":"https:\/\/kleinhadersdorf.at\/feuerwehr\/index.php\/wp-json\/wp\/v2\/users\/1"}],"replies":[{"embeddable":true,"href":"https:\/\/kleinhadersdorf.at\/feuerwehr\/index.php\/wp-json\/wp\/v2\/comments?post=24"}],"version-history":[{"count":3,"href":"https:\/\/kleinhadersdorf.at\/feuerwehr\/index.php\/wp-json\/wp\/v2\/pages\/24\/revisions"}],"predecessor-version":[{"id":126,"href":"https:\/\/kleinhadersdorf.at\/feuerwehr\/index.php\/wp-json\/wp\/v2\/pages\/24\/revisions\/126"}],"wp:attachment":[{"href":"https:\/\/kleinhadersdorf.at\/feuerwehr\/index.php\/wp-json\/wp\/v2\/media?parent=24"}],"curies":[{"name":"wp","href":"https:\/\/api.w.org\/{rel}","templated":true}]}}