{"id":11,"date":"2023-04-25T06:27:28","date_gmt":"2023-04-25T05:27:28","guid":{"rendered":"https:\/\/kleinhadersdorf.at\/feuerwehr\/?page_id=11"},"modified":"2023-05-06T20:48:42","modified_gmt":"2023-05-06T18:48:42","slug":"kommando","status":"publish","type":"page","link":"https:\/\/kleinhadersdorf.at\/feuerwehr\/index.php\/ueber-uns\/kommando\/","title":{"rendered":"Kommando"},"content":{"rendered":"\n<p><strong>Ein Kommando ist nat\u00fcrlich vorhanden: Sebastian, Franz und Stefan brauchen noch etwas Zeit, um ihre Schokoladenseiten pr\u00e4sentieren zu k\u00f6nnen. \ud83d\ude09 <\/strong><\/p>\n","protected":false},"excerpt":{"rendered":"<p>Ein Kommando ist nat\u00fcrlich vorhanden: Sebastian, Franz und Stefan brauchen noch etwas Zeit, um ihre Schokoladenseiten pr\u00e4sentieren zu k\u00f6nnen. \ud83d\ude09<\/p>\n","protected":false},"author":1,"featured_media":0,"parent":7,"menu_order":0,"comment_status":"closed","ping_status":"closed","template":"","meta":{"inline_featured_image":false,"footnotes":""},"class_list":["post-11","page","type-page","status-publish","hentry"],"_links":{"self":[{"href":"https:\/\/kleinhadersdorf.at\/feuerwehr\/index.php\/wp-json\/wp\/v2\/pages\/11","targetHints":{"allow":["GET"]}}],"collection":[{"href":"https:\/\/kleinhadersdorf.at\/feuerwehr\/index.php\/wp-json\/wp\/v2\/pages"}],"about":[{"href":"https:\/\/kleinhadersdorf.at\/feuerwehr\/index.php\/wp-json\/wp\/v2\/types\/page"}],"author":[{"embeddable":true,"href":"https:\/\/kleinhadersdorf.at\/feuerwehr\/index.php\/wp-json\/wp\/v2\/users\/1"}],"replies":[{"embeddable":true,"href":"https:\/\/kleinhadersdorf.at\/feuerwehr\/index.php\/wp-json\/wp\/v2\/comments?post=11"}],"version-history":[{"count":6,"href":"https:\/\/kleinhadersdorf.at\/feuerwehr\/index.php\/wp-json\/wp\/v2\/pages\/11\/revisions"}],"predecessor-version":[{"id":199,"href":"https:\/\/kleinhadersdorf.at\/feuerwehr\/index.php\/wp-json\/wp\/v2\/pages\/11\/revisions\/199"}],"up":[{"embeddable":true,"href":"https:\/\/kleinhadersdorf.at\/feuerwehr\/index.php\/wp-json\/wp\/v2\/pages\/7"}],"wp:attachment":[{"href":"https:\/\/kleinhadersdorf.at\/feuerwehr\/index.php\/wp-json\/wp\/v2\/media?parent=11"}],"curies":[{"name":"wp","href":"https:\/\/api.w.org\/{rel}","templated":true}]}}